{"id":2371,"date":"2022-05-18T14:05:47","date_gmt":"2022-05-18T14:05:47","guid":{"rendered":"https:\/\/artcirculation.org\/?page_id=2371"},"modified":"2022-05-26T14:35:07","modified_gmt":"2022-05-26T14:35:07","slug":"agenda-past-events","status":"publish","type":"page","link":"https:\/\/artcirculation.org\/en\/agenda-past-events\/","title":{"rendered":"Agenda-Past events"},"content":{"rendered":"\t\t<div data-elementor-type=\"wp-page\" data-elementor-id=\"2371\" class=\"elementor elementor-2371\" data-elementor-post-type=\"page\">\n\t\t\t\t\t\t<section class=\"elementor-section elementor-top-section elementor-element elementor-element-fbd9af8 elementor-section-height-min-height elementor-section-items-top elementor-section-boxed elementor-section-height-default\" data-id=\"fbd9af8\" data-element_type=\"section\" data-e-type=\"section\" data-settings=\"{&quot;background_background&quot;:&quot;classic&quot;}\">\n\t\t\t\t\t\t<div class=\"elementor-container elementor-column-gap-default\">\n\t\t\t\t\t<div class=\"elementor-column elementor-col-100 elementor-top-column elementor-element elementor-element-7179e8c\" data-id=\"7179e8c\" data-element_type=\"column\" data-e-type=\"column\">\n\t\t\t<div class=\"elementor-widget-wrap elementor-element-populated\">\n\t\t\t\t\t\t<section class=\"elementor-section elementor-inner-section elementor-element elementor-element-bb8d712 elementor-section-boxed elementor-section-height-default elementor-section-height-default\" data-id=\"bb8d712\" data-element_type=\"section\" data-e-type=\"section\" data-settings=\"{&quot;background_background&quot;:&quot;classic&quot;}\">\n\t\t\t\t\t\t<div class=\"elementor-container elementor-column-gap-default\">\n\t\t\t\t\t<div class=\"elementor-column elementor-col-100 elementor-inner-column elementor-element elementor-element-5f2d6f6\" data-id=\"5f2d6f6\" data-element_type=\"column\" data-e-type=\"column\">\n\t\t\t<div class=\"elementor-widget-wrap elementor-element-populated\">\n\t\t\t\t\t\t<div class=\"elementor-element elementor-element-4fc2efd elementor-widget__width-auto elementor-widget-mobile__width-inherit elementor-widget elementor-widget-text-editor\" data-id=\"4fc2efd\" data-element_type=\"widget\" data-e-type=\"widget\" data-widget_type=\"text-editor.default\">\n\t\t\t\t<div class=\"elementor-widget-container\">\n\t\t\t\t\t\t\t\t\t<p><a href=\"https:\/\/artcirculation.org\/en\/agenda\">CURRENT &amp; FUTURE EVENTS<\/a><\/p>\t\t\t\t\t\t\t\t<\/div>\n\t\t\t\t<\/div>\n\t\t\t\t<div class=\"elementor-element elementor-element-9e1d5ef elementor-widget__width-auto elementor-widget-mobile__width-inherit elementor-widget elementor-widget-text-editor\" data-id=\"9e1d5ef\" data-element_type=\"widget\" data-e-type=\"widget\" data-widget_type=\"text-editor.default\">\n\t\t\t\t<div class=\"elementor-widget-container\">\n\t\t\t\t\t\t\t\t\t<p><span style=\"text-decoration: underline;\"><strong>PAST EVENTS<\/strong><\/span><\/p>\t\t\t\t\t\t\t\t<\/div>\n\t\t\t\t<\/div>\n\t\t\t\t\t<\/div>\n\t\t<\/div>\n\t\t\t\t\t<\/div>\n\t\t<\/section>\n\t\t\t\t<section class=\"elementor-section elementor-inner-section elementor-element elementor-element-2af1548 elementor-section-height-min-height elementor-section-boxed elementor-section-height-default\" data-id=\"2af1548\" data-element_type=\"section\" data-e-type=\"section\" data-settings=\"{&quot;background_background&quot;:&quot;classic&quot;}\">\n\t\t\t\t\t\t<div class=\"elementor-container elementor-column-gap-default\">\n\t\t\t\t\t<div class=\"elementor-column elementor-col-100 elementor-inner-column elementor-element elementor-element-3fbb335\" data-id=\"3fbb335\" data-element_type=\"column\" data-e-type=\"column\">\n\t\t\t<div class=\"elementor-widget-wrap elementor-element-populated\">\n\t\t\t\t\t\t<div class=\"elementor-element elementor-element-52f45ff jet-smart-filter-group-position-line jet-smart-filter-content-position-line elementor-widget__width-auto elementor-widget elementor-widget-jet-smart-filters-select\" data-id=\"52f45ff\" data-element_type=\"widget\" data-e-type=\"widget\" data-widget_type=\"jet-smart-filters-select.default\">\n\t\t\t\t<div class=\"elementor-widget-container\">\n\t\t\t\t\t<div class=\"jet-smart-filters-select jet-filter \" data-indexer-rule=\"show\" data-show-counter=\"\" data-change-counter=\"always\"><div class=\"jet-select\" data-query-type=\"tax_query\" data-query-var=\"company-event\" data-smart-filter=\"select\" data-filter-id=\"996\" data-apply-type=\"ajax\" data-content-provider=\"jet-engine\" data-additional-providers=\"\" data-query-id=\"calendrier\" data-active-label=\"Company\" data-layout-options=\"{&quot;show_label&quot;:&quot;&quot;,&quot;display_options&quot;:{&quot;show_items_label&quot;:false,&quot;show_decorator&quot;:false,&quot;filter_image_size&quot;:&quot;full&quot;,&quot;show_counter&quot;:false}}\" data-query-var-suffix=\"\" data-apply-on=\"value\">\n\t\t\t\t<select\n\t\t\tclass=\"jet-select__control\"\n\t\t\tname=\"company-event\"\n\t\t\t\t\t\taria-label=\"Company\"\n\t\t>\n\t\t\t\t\t\t\t\t\t\t<option\n\t\t\t\t\tvalue=\"\"\n\t\t\t\t\tdata-label=\"Company...\"\n\t\t\t\t\tdata-counter-prefix=\"\"\n\t\t\t\t\tdata-counter-suffix=\"\"\n\t\t\t\t\t\t\t\t\t\t\t\t\t\t>\n\t\t\t\t\tCompany...\t\t\t\t<\/option>\n\t\t\t\t\t\t\t\t<option\n\t\t\t\t\tvalue=\"14\"\n\t\t\t\t\tdata-label=\"Art Circulation\"\n\t\t\t\t\tdata-counter-prefix=\"\"\n\t\t\t\t\tdata-counter-suffix=\"\"\n\t\t\t\t\t\t\t\t\t\t\t\t\t\t>\n\t\t\t\t\tArt Circulation\t\t\t\t<\/option>\n\t\t\t\t\t\t\t\t<option\n\t\t\t\t\tvalue=\"54\"\n\t\t\t\t\tdata-label=\"Audr\u00e9e Juteau\"\n\t\t\t\t\tdata-counter-prefix=\"\"\n\t\t\t\t\tdata-counter-suffix=\"\"\n\t\t\t\t\t\t\t\t\t\t\t\t\t\t>\n\t\t\t\t\tAudr\u00e9e Juteau\t\t\t\t<\/option>\n\t\t\t\t\t\t\t\t<option\n\t\t\t\t\tvalue=\"105\"\n\t\t\t\t\tdata-label=\"Lara Kramer\"\n\t\t\t\t\tdata-counter-prefix=\"\"\n\t\t\t\t\tdata-counter-suffix=\"\"\n\t\t\t\t\t\t\t\t\t\t\t\t\t\t>\n\t\t\t\t\tLara Kramer\t\t\t\t<\/option>\n\t\t\t\t\t\t\t\t<option\n\t\t\t\t\tvalue=\"34\"\n\t\t\t\t\tdata-label=\"Le Carr\u00e9 des Lombes\"\n\t\t\t\t\tdata-counter-prefix=\"\"\n\t\t\t\t\tdata-counter-suffix=\"\"\n\t\t\t\t\t\t\t\t\t\t\t\t\t\t>\n\t\t\t\t\tLe Carr\u00e9 des Lombes\t\t\t\t<\/option>\n\t\t\t\t\t\t\t\t<option\n\t\t\t\t\tvalue=\"35\"\n\t\t\t\t\tdata-label=\"marib\u00e9 - sors de ce corps\"\n\t\t\t\t\tdata-counter-prefix=\"\"\n\t\t\t\t\tdata-counter-suffix=\"\"\n\t\t\t\t\t\t\t\t\t\t\t\t\t\t>\n\t\t\t\t\tmarib\u00e9 - sors de ce corps\t\t\t\t<\/option>\n\t\t\t\t\t\t\t\t<option\n\t\t\t\t\tvalue=\"15\"\n\t\t\t\t\tdata-label=\"Montr\u00e9al Danse\"\n\t\t\t\t\tdata-counter-prefix=\"\"\n\t\t\t\t\tdata-counter-suffix=\"\"\n\t\t\t\t\t\t\t\t\t\t\t\t\t\t>\n\t\t\t\t\tMontr\u00e9al Danse\t\t\t\t<\/option>\n\t\t\t\t\t\t<\/select>\n\t<\/div><\/div>\t\t\t\t<\/div>\n\t\t\t\t<\/div>\n\t\t\t\t<div class=\"elementor-element elementor-element-c25707a elementor-widget__width-auto elementor-widget elementor-widget-jet-smart-filters-date-period\" data-id=\"c25707a\" data-element_type=\"widget\" data-e-type=\"widget\" data-widget_type=\"jet-smart-filters-date-period.default\">\n\t\t\t\t<div class=\"elementor-widget-container\">\n\t\t\t\t\t<div class=\"jet-smart-filters-date-period jet-filter \" data-indexer-rule=\"show\" data-show-counter=\"\" data-change-counter=\"always\"><div\n\tclass=\"jet-date-period button-icon-position-left\"\n\tdata-query-type=\"meta_query\" data-query-var=\"event-date-end\" data-smart-filter=\"date-period\" data-filter-id=\"997\" data-apply-type=\"ajax\" data-content-provider=\"jet-engine\" data-additional-providers=\"\" data-query-id=\"calendrier\" data-active-label=\"date\" data-layout-options=\"{&quot;show_label&quot;:&quot;&quot;,&quot;display_options&quot;:{&quot;show_items_label&quot;:false,&quot;show_decorator&quot;:false,&quot;filter_image_size&quot;:&quot;full&quot;,&quot;show_counter&quot;:false}}\" data-query-var-suffix=\"date\" data-apply-on=\"value\" data-period-type=\"month\">\n\t<div class=\"jet-date-period__wrapper\">\n\t\t<div\n\t\t\tclass=\"jet-date-period__prev\"\n\t\t\t\t\t>\n\t\t\t<svg width=\"21\" height=\"28\" viewBox=\"0 0 21 28\" xmlns=\"http:\/\/www.w3.org\/2000\/svg\">\n\t<path d=\"M18.297 4.703l-8.297 8.297 8.297 8.297c0.391 0.391 0.391 1.016 0 1.406l-2.594 2.594c-0.391 0.391-1.016 0.391-1.406 0l-11.594-11.594c-0.391-0.391-0.391-1.016 0-1.406l11.594-11.594c0.391-0.391 1.016-0.391 1.406 0l2.594 2.594c0.391 0.391 0.391 1.016 0 1.406z\"><\/path>\n<\/svg>\n\t\t<\/div>\n\t\t<div class=\"jet-date-period__datepicker date\">\n\t\t\t<div\n\t\t\t\tclass=\"jet-date-period__datepicker-button input-group-addon\"\n\t\t\t\t\t\t\t>\n\t\t\t\tDate...\t\t\t\t<svg width=\"18\" height=\"28\" viewBox=\"0 0 18 28\" xmlns=\"http:\/\/www.w3.org\/2000\/svg\">\n\t<path d=\"M16.797 11.5c0 0.125-0.063 0.266-0.156 0.359l-7.281 7.281c-0.094 0.094-0.234 0.156-0.359 0.156s-0.266-0.063-0.359-0.156l-7.281-7.281c-0.094-0.094-0.156-0.234-0.156-0.359s0.063-0.266 0.156-0.359l0.781-0.781c0.094-0.094 0.219-0.156 0.359-0.156 0.125 0 0.266 0.063 0.359 0.156l6.141 6.141 6.141-6.141c0.094-0.094 0.234-0.156 0.359-0.156s0.266 0.063 0.359 0.156l0.781 0.781c0.094 0.094 0.156 0.234 0.156 0.359z\"><\/path>\n<\/svg>\n\t\t\t<\/div>\n\t\t\t<input\n\t\t\t\tclass=\"jet-date-period__datepicker-input\"\n\t\t\t\tname=\"event-date-end\"\n\t\t\t\tvalue=\"\"\n\t\t\t\taria-label=\"Date\"\n\t\t\t\ttype=\"hidden\"\n\t\t\t\ttabindex=\"-1\"\n\t\t\t\tdata-format=\"MM yy\"\n\t\t\t\t\t\t\t\treadonly\n\t\t\t>\n\t\t<\/div>\n\t\t<div\n\t\t\tclass=\"jet-date-period__next\"\n\t\t\t\t\t>\n\t\t\t<svg width=\"19\" height=\"28\" viewBox=\"0 0 19 28\" xmlns=\"http:\/\/www.w3.org\/2000\/svg\">\n\t<path d=\"M17.297 13.703l-11.594 11.594c-0.391 0.391-1.016 0.391-1.406 0l-2.594-2.594c-0.391-0.391-0.391-1.016 0-1.406l8.297-8.297-8.297-8.297c-0.391-0.391-0.391-1.016 0-1.406l2.594-2.594c0.391-0.391 1.016-0.391 1.406 0l11.594 11.594c0.391 0.391 0.391 1.016 0 1.406z\"><\/path>\n<\/svg>\n\t\t<\/div>\n\t<\/div>\n<\/div>\n<\/div>\t\t\t\t<\/div>\n\t\t\t\t<\/div>\n\t\t\t\t<div class=\"elementor-element elementor-element-74dfdce elementor-widget__width-auto elementor-widget elementor-widget-jet-smart-filters-remove-filters hide-widget\" data-id=\"74dfdce\" data-element_type=\"widget\" data-e-type=\"widget\" data-widget_type=\"jet-smart-filters-remove-filters.default\">\n\t\t\t\t<div class=\"elementor-widget-container\">\n\t\t\t\t\t<div class=\"jet-smart-filters-remove-filters jet-filter\"><div class=\"jet-remove-all-filters hide\">\n\t<button\n\t\ttype=\"button\"\n\t\tclass=\"jet-remove-all-filters__button\"\n\t\tdata-content-provider=\"jet-engine\"\n\t\tdata-additional-providers=\"\"\n\t\tdata-apply-type=\"ajax\"\n\t\tdata-query-id=\"calendrier\"\n\t\t\t>\n\t\tRemove filters\t<\/button>\n<\/div><\/div>\t\t\t\t<\/div>\n\t\t\t\t<\/div>\n\t\t\t\t<div class=\"elementor-element elementor-element-d8f9bad elementor-widget elementor-widget-jet-listing-grid\" data-id=\"d8f9bad\" data-element_type=\"widget\" data-e-type=\"widget\" id=\"calendrier\" data-settings=\"{&quot;columns&quot;:&quot;4&quot;,&quot;columns_tablet&quot;:&quot;3&quot;,&quot;columns_mobile&quot;:&quot;1&quot;}\" data-widget_type=\"jet-listing-grid.default\">\n\t\t\t\t<div class=\"elementor-widget-container\">\n\t\t\t\t\t<div class=\"jet-listing-grid jet-listing-grid--lazy-load jet-listing jet-listing-grid-loading\" data-lazy-load=\"{&quot;offset&quot;:&quot;0px&quot;,&quot;post_id&quot;:2371,&quot;queried_id&quot;:&quot;2371|WP_Post&quot;}\"><div class=\"jet-listing-grid__loader\"><div class=\"jet-listing-grid__loader-spinner\"><\/div><\/div><\/div>\t\t\t\t<\/div>\n\t\t\t\t<\/div>\n\t\t\t\t\t<\/div>\n\t\t<\/div>\n\t\t\t\t\t<\/div>\n\t\t<\/section>\n\t\t\t\t\t<\/div>\n\t\t<\/div>\n\t\t\t\t\t<\/div>\n\t\t<\/section>\n\t\t\t\t<\/div>\n\t\t","protected":false},"excerpt":{"rendered":"<p>CURRENT &amp; FUTURE EVENTS PAST EVENTS Compagnie&#8230;Art CirculationDanse Cit\u00e9Dialogue Danse ActuelleLe Carr\u00e9 des Lombesmarib\u00e9 \u2013 sors de ce corpsMontr\u00e9al Danse Date&#8230; Remove filters<\/p>\n","protected":false},"author":1,"featured_media":0,"parent":0,"menu_order":0,"comment_status":"closed","ping_status":"closed","template":"elementor_header_footer","meta":{"footnotes":""},"class_list":["post-2371","page","type-page","status-publish","hentry"],"yoast_head":"<!-- This site is optimized with the Yoast SEO plugin v27.0 - https:\/\/yoast.com\/product\/yoast-seo-wordpress\/ -->\n<title>Agenda-Past events - Art Circulation<\/title>\n<meta name=\"robots\" content=\"index, follow, max-snippet:-1, max-image-preview:large, max-video-preview:-1\" \/>\n<link rel=\"canonical\" href=\"https:\/\/artcirculation.org\/en\/agenda-past-events\/\" \/>\n<meta property=\"og:locale\" content=\"en_US\" \/>\n<meta property=\"og:type\" content=\"article\" \/>\n<meta property=\"og:title\" content=\"Agenda-Past events - Art Circulation\" \/>\n<meta property=\"og:description\" content=\"CURRENT &amp; FUTURE EVENTS PAST EVENTS Compagnie&#8230;Art CirculationDanse Cit\u00e9Dialogue Danse ActuelleLe Carr\u00e9 des Lombesmarib\u00e9 \u2013 sors de ce corpsMontr\u00e9al Danse Date&#8230; Remove filters\" \/>\n<meta property=\"og:url\" content=\"https:\/\/artcirculation.org\/en\/agenda-past-events\/\" \/>\n<meta property=\"og:site_name\" content=\"Art Circulation\" \/>\n<meta property=\"article:publisher\" content=\"https:\/\/www.facebook.com\/artcirculation\/\" \/>\n<meta property=\"article:modified_time\" content=\"2022-05-26T14:35:07+00:00\" \/>\n<meta property=\"og:image\" content=\"https:\/\/artcirculation.org\/wp-content\/uploads\/2022\/05\/Main-logo-ACSQUAREE.jpg\" \/>\n\t<meta property=\"og:image:width\" content=\"750\" \/>\n\t<meta property=\"og:image:height\" content=\"685\" \/>\n\t<meta property=\"og:image:type\" content=\"image\/jpeg\" \/>\n<meta name=\"twitter:card\" content=\"summary_large_image\" \/>\n<meta name=\"twitter:site\" content=\"@artcirculation\" \/>\n<script type=\"application\/ld+json\" class=\"yoast-schema-graph\">{\"@context\":\"https:\/\/schema.org\",\"@graph\":[{\"@type\":\"WebPage\",\"@id\":\"https:\/\/artcirculation.org\/en\/agenda-past-events\/\",\"url\":\"https:\/\/artcirculation.org\/en\/agenda-past-events\/\",\"name\":\"Agenda-Past events - Art Circulation\",\"isPartOf\":{\"@id\":\"https:\/\/artcirculation.org\/en\/#website\"},\"datePublished\":\"2022-05-18T14:05:47+00:00\",\"dateModified\":\"2022-05-26T14:35:07+00:00\",\"breadcrumb\":{\"@id\":\"https:\/\/artcirculation.org\/en\/agenda-past-events\/#breadcrumb\"},\"inLanguage\":\"en-US\",\"potentialAction\":[{\"@type\":\"ReadAction\",\"target\":[\"https:\/\/artcirculation.org\/en\/agenda-past-events\/\"]}]},{\"@type\":\"BreadcrumbList\",\"@id\":\"https:\/\/artcirculation.org\/en\/agenda-past-events\/#breadcrumb\",\"itemListElement\":[{\"@type\":\"ListItem\",\"position\":1,\"name\":\"Accueil\",\"item\":\"https:\/\/artcirculation.org\/en\/\"},{\"@type\":\"ListItem\",\"position\":2,\"name\":\"Agenda-Past events\"}]},{\"@type\":\"WebSite\",\"@id\":\"https:\/\/artcirculation.org\/en\/#website\",\"url\":\"https:\/\/artcirculation.org\/en\/\",\"name\":\"Art Circulation\",\"description\":\"\",\"publisher\":{\"@id\":\"https:\/\/artcirculation.org\/en\/#organization\"},\"potentialAction\":[{\"@type\":\"SearchAction\",\"target\":{\"@type\":\"EntryPoint\",\"urlTemplate\":\"https:\/\/artcirculation.org\/en\/?s={search_term_string}\"},\"query-input\":{\"@type\":\"PropertyValueSpecification\",\"valueRequired\":true,\"valueName\":\"search_term_string\"}}],\"inLanguage\":\"en-US\"},{\"@type\":\"Organization\",\"@id\":\"https:\/\/artcirculation.org\/en\/#organization\",\"name\":\"Art Circulation\",\"url\":\"https:\/\/artcirculation.org\/en\/\",\"logo\":{\"@type\":\"ImageObject\",\"inLanguage\":\"en-US\",\"@id\":\"https:\/\/artcirculation.org\/en\/#\/schema\/logo\/image\/\",\"url\":\"https:\/\/artcirculation.org\/wp-content\/uploads\/2022\/05\/Main-logo-ACSQUAREE.jpg\",\"contentUrl\":\"https:\/\/artcirculation.org\/wp-content\/uploads\/2022\/05\/Main-logo-ACSQUAREE.jpg\",\"width\":750,\"height\":685,\"caption\":\"Art Circulation\"},\"image\":{\"@id\":\"https:\/\/artcirculation.org\/en\/#\/schema\/logo\/image\/\"},\"sameAs\":[\"https:\/\/www.facebook.com\/artcirculation\/\",\"https:\/\/x.com\/artcirculation\",\"https:\/\/instagram.com\/artcirculation\",\"https:\/\/www.youtube.com\/channel\/UCTtLE9VnpAnCj-tlK_fPw6Q\"]}]}<\/script>\n<!-- \/ Yoast SEO plugin. -->","yoast_head_json":{"title":"Agenda-Past events - Art Circulation","robots":{"index":"index","follow":"follow","max-snippet":"max-snippet:-1","max-image-preview":"max-image-preview:large","max-video-preview":"max-video-preview:-1"},"canonical":"https:\/\/artcirculation.org\/en\/agenda-past-events\/","og_locale":"en_US","og_type":"article","og_title":"Agenda-Past events - Art Circulation","og_description":"CURRENT &amp; FUTURE EVENTS PAST EVENTS Compagnie&#8230;Art CirculationDanse Cit\u00e9Dialogue Danse ActuelleLe Carr\u00e9 des Lombesmarib\u00e9 \u2013 sors de ce corpsMontr\u00e9al Danse Date&#8230; Remove filters","og_url":"https:\/\/artcirculation.org\/en\/agenda-past-events\/","og_site_name":"Art Circulation","article_publisher":"https:\/\/www.facebook.com\/artcirculation\/","article_modified_time":"2022-05-26T14:35:07+00:00","og_image":[{"width":750,"height":685,"url":"https:\/\/artcirculation.org\/wp-content\/uploads\/2022\/05\/Main-logo-ACSQUAREE.jpg","type":"image\/jpeg"}],"twitter_card":"summary_large_image","twitter_site":"@artcirculation","schema":{"@context":"https:\/\/schema.org","@graph":[{"@type":"WebPage","@id":"https:\/\/artcirculation.org\/en\/agenda-past-events\/","url":"https:\/\/artcirculation.org\/en\/agenda-past-events\/","name":"Agenda-Past events - Art Circulation","isPartOf":{"@id":"https:\/\/artcirculation.org\/en\/#website"},"datePublished":"2022-05-18T14:05:47+00:00","dateModified":"2022-05-26T14:35:07+00:00","breadcrumb":{"@id":"https:\/\/artcirculation.org\/en\/agenda-past-events\/#breadcrumb"},"inLanguage":"en-US","potentialAction":[{"@type":"ReadAction","target":["https:\/\/artcirculation.org\/en\/agenda-past-events\/"]}]},{"@type":"BreadcrumbList","@id":"https:\/\/artcirculation.org\/en\/agenda-past-events\/#breadcrumb","itemListElement":[{"@type":"ListItem","position":1,"name":"Accueil","item":"https:\/\/artcirculation.org\/en\/"},{"@type":"ListItem","position":2,"name":"Agenda-Past events"}]},{"@type":"WebSite","@id":"https:\/\/artcirculation.org\/en\/#website","url":"https:\/\/artcirculation.org\/en\/","name":"Art Circulation","description":"","publisher":{"@id":"https:\/\/artcirculation.org\/en\/#organization"},"potentialAction":[{"@type":"SearchAction","target":{"@type":"EntryPoint","urlTemplate":"https:\/\/artcirculation.org\/en\/?s={search_term_string}"},"query-input":{"@type":"PropertyValueSpecification","valueRequired":true,"valueName":"search_term_string"}}],"inLanguage":"en-US"},{"@type":"Organization","@id":"https:\/\/artcirculation.org\/en\/#organization","name":"Art Circulation","url":"https:\/\/artcirculation.org\/en\/","logo":{"@type":"ImageObject","inLanguage":"en-US","@id":"https:\/\/artcirculation.org\/en\/#\/schema\/logo\/image\/","url":"https:\/\/artcirculation.org\/wp-content\/uploads\/2022\/05\/Main-logo-ACSQUAREE.jpg","contentUrl":"https:\/\/artcirculation.org\/wp-content\/uploads\/2022\/05\/Main-logo-ACSQUAREE.jpg","width":750,"height":685,"caption":"Art Circulation"},"image":{"@id":"https:\/\/artcirculation.org\/en\/#\/schema\/logo\/image\/"},"sameAs":["https:\/\/www.facebook.com\/artcirculation\/","https:\/\/x.com\/artcirculation","https:\/\/instagram.com\/artcirculation","https:\/\/www.youtube.com\/channel\/UCTtLE9VnpAnCj-tlK_fPw6Q"]}]}},"_links":{"self":[{"href":"https:\/\/artcirculation.org\/en\/wp-json\/wp\/v2\/pages\/2371","targetHints":{"allow":["GET"]}}],"collection":[{"href":"https:\/\/artcirculation.org\/en\/wp-json\/wp\/v2\/pages"}],"about":[{"href":"https:\/\/artcirculation.org\/en\/wp-json\/wp\/v2\/types\/page"}],"author":[{"embeddable":true,"href":"https:\/\/artcirculation.org\/en\/wp-json\/wp\/v2\/users\/1"}],"replies":[{"embeddable":true,"href":"https:\/\/artcirculation.org\/en\/wp-json\/wp\/v2\/comments?post=2371"}],"version-history":[{"count":2,"href":"https:\/\/artcirculation.org\/en\/wp-json\/wp\/v2\/pages\/2371\/revisions"}],"predecessor-version":[{"id":2540,"href":"https:\/\/artcirculation.org\/en\/wp-json\/wp\/v2\/pages\/2371\/revisions\/2540"}],"wp:attachment":[{"href":"https:\/\/artcirculation.org\/en\/wp-json\/wp\/v2\/media?parent=2371"}],"curies":[{"name":"wp","href":"https:\/\/api.w.org\/{rel}","templated":true}]}}